{"id":228,"date":"2025-04-22T15:22:33","date_gmt":"2025-04-22T15:22:33","guid":{"rendered":"https:\/\/cristinaorozbajo.com\/courses\/"},"modified":"2025-05-04T10:59:04","modified_gmt":"2025-05-04T10:59:04","slug":"therapeutic-care-in-barcelona","status":"publish","type":"page","link":"https:\/\/cristinaorozbajo.com\/en\/therapeutic-care-in-barcelona\/","title":{"rendered":"Services"},"content":{"rendered":"<div data-elementor-type=\"wp-page\" data-elementor-id=\"228\" class=\"elementor elementor-228\" data-elementor-post-type=\"page\">\n\t\t\t\t<div class=\"elementor-element elementor-element-c9f6294 e-flex e-con-boxed e-con e-parent\" data-id=\"c9f6294\" data-element_type=\"container\" data-e-type=\"container\" data-settings=\"{&quot;background_background&quot;:&quot;classic&quot;}\">\n\t\t\t\t\t<div class=\"e-con-inner\">\n\t\t<div class=\"elementor-element elementor-element-006ceba e-con-full e-flex e-con e-child\" data-id=\"006ceba\" data-element_type=\"container\" data-e-type=\"container\">\n\t\t<div class=\"elementor-element elementor-element-309db3f e-con-full e-flex e-con e-child\" data-id=\"309db3f\" data-element_type=\"container\" data-e-type=\"container\">\n\t\t<div class=\"elementor-element elementor-element-e620f7a e-con-full e-flex e-con e-child\" data-id=\"e620f7a\" data-element_type=\"container\" data-e-type=\"container\">\n\t\t\t\t<div class=\"elementor-element elementor-element-0cc39db elementor-widget elementor-widget-heading\" data-id=\"0cc39db\" data-element_type=\"widget\" data-e-type=\"widget\" data-widget_type=\"heading.default\">\n\t\t\t\t<div class=\"elementor-widget-container\">\n\t\t\t\t\t<p class=\"elementor-heading-title elementor-size-default\">Services<\/p>\t\t\t\t<\/div>\n\t\t\t\t<\/div>\n\t\t\t\t<div class=\"elementor-element elementor-element-7caeb32 elementor-widget elementor-widget-image\" data-id=\"7caeb32\" data-element_type=\"widget\" data-e-type=\"widget\" data-widget_type=\"image.default\">\n\t\t\t\t<div class=\"elementor-widget-container\">\n\t\t\t\t\t\t\t\t\t\t\t\t\t\t\t<img decoding=\"async\" width=\"293\" height=\"54\" src=\"https:\/\/cristinaorozbajo.com\/wp-content\/uploads\/2025\/04\/nombre-cristina-oroz.png\" class=\"attachment-large size-large wp-image-1884\" alt=\"Cristina Oroz Bajo\" srcset=\"https:\/\/cristinaorozbajo.com\/wp-content\/uploads\/2025\/04\/nombre-cristina-oroz.png 293w, https:\/\/cristinaorozbajo.com\/wp-content\/uploads\/2025\/04\/nombre-cristina-oroz-18x3.png 18w\" sizes=\"(max-width: 293px) 100vw, 293px\" title=\"\">\t\t\t\t\t\t\t\t\t\t\t\t\t\t\t<\/div>\n\t\t\t\t<\/div>\n\t\t\t\t<\/div>\n\t\t\t\t<\/div>\n\t\t\t\t<\/div>\n\t\t\t\t\t<\/div>\n\t\t\t\t<\/div>\n\t\t<div class=\"elementor-element elementor-element-4396137 e-flex e-con-boxed e-con e-parent\" data-id=\"4396137\" data-element_type=\"container\" data-e-type=\"container\">\n\t\t\t\t\t<div class=\"e-con-inner\">\n\t\t<div class=\"elementor-element elementor-element-b382f62 e-con-full e-flex e-con e-child\" data-id=\"b382f62\" data-element_type=\"container\" data-e-type=\"container\">\n\t\t<div class=\"elementor-element elementor-element-bddd609 e-con-full e-flex e-con e-child\" data-id=\"bddd609\" data-element_type=\"container\" data-e-type=\"container\">\n\t\t<div class=\"elementor-element elementor-element-cad833e e-con-full e-flex e-con e-child\" data-id=\"cad833e\" data-element_type=\"container\" data-e-type=\"container\">\n\t\t\t\t<div class=\"elementor-element elementor-element-d26edeb elementor-widget-divider--view-line elementor-widget elementor-widget-divider\" data-id=\"d26edeb\" data-element_type=\"widget\" data-e-type=\"widget\" data-widget_type=\"divider.default\">\n\t\t\t\t<div class=\"elementor-widget-container\">\n\t\t\t\t\t\t\t<div class=\"elementor-divider\">\n\t\t\t<span class=\"elementor-divider-separator\">\n\t\t\t\t\t\t<\/span>\n\t\t<\/div>\n\t\t\t\t\t\t<\/div>\n\t\t\t\t<\/div>\n\t\t\t\t<div class=\"elementor-element elementor-element-62ef00f elementor-widget elementor-widget-heading\" data-id=\"62ef00f\" data-element_type=\"widget\" data-e-type=\"widget\" data-widget_type=\"heading.default\">\n\t\t\t\t<div class=\"elementor-widget-container\">\n\t\t\t\t\t<h1 class=\"elementor-heading-title elementor-size-default\">Therapeutic care in Barcelona<\/h1>\t\t\t\t<\/div>\n\t\t\t\t<\/div>\n\t\t\t\t<div class=\"elementor-element elementor-element-d7551ac elementor-widget elementor-widget-text-editor\" data-id=\"d7551ac\" data-element_type=\"widget\" data-e-type=\"widget\" data-widget_type=\"text-editor.default\">\n\t\t\t\t<div class=\"elementor-widget-container\">\n\t\t\t\t\t\t\t\t\t<p>I offer therapeutic care in Barcelona, a close and totally personalised accompaniment to promote the integral development of your child, involving the family and the school environment in every step to maximise their strengths and enhance their autonomy.<\/p>\t\t\t\t\t\t\t\t<\/div>\n\t\t\t\t<\/div>\n\t\t\t\t<\/div>\n\t\t\t\t<\/div>\n\t\t<div class=\"elementor-element elementor-element-0e19a18 e-con-full e-flex e-con e-child\" data-id=\"0e19a18\" data-element_type=\"container\" data-e-type=\"container\">\n\t\t<a class=\"elementor-element elementor-element-8879421 e-con-full e-flex e-con e-child\" data-id=\"8879421\" data-element_type=\"container\" data-e-type=\"container\" href=\"https:\/\/cristinaorozbajo.com\/en\/childrens-pedagogy-and-special-needs-support\/\">\n\t\t\t\t<div class=\"elementor-element elementor-element-e1b310c elementor-widget elementor-widget-image\" data-id=\"e1b310c\" data-element_type=\"widget\" data-e-type=\"widget\" data-widget_type=\"image.default\">\n\t\t\t\t<div class=\"elementor-widget-container\">\n\t\t\t\t\t\t\t\t\t\t\t\t\t\t\t<img fetchpriority=\"high\" decoding=\"async\" width=\"1000\" height=\"667\" src=\"https:\/\/cristinaorozbajo.com\/wp-content\/uploads\/2021\/02\/shutterstock_1158884980.jpg\" class=\"elementor-animation-grow attachment-full size-full wp-image-1528\" alt=\"\" srcset=\"https:\/\/cristinaorozbajo.com\/wp-content\/uploads\/2021\/02\/shutterstock_1158884980.jpg 1000w, https:\/\/cristinaorozbajo.com\/wp-content\/uploads\/2021\/02\/shutterstock_1158884980-300x200.jpg 300w, https:\/\/cristinaorozbajo.com\/wp-content\/uploads\/2021\/02\/shutterstock_1158884980-768x512.jpg 768w, https:\/\/cristinaorozbajo.com\/wp-content\/uploads\/2021\/02\/shutterstock_1158884980-18x12.jpg 18w\" sizes=\"(max-width: 1000px) 100vw, 1000px\" title=\"\">\t\t\t\t\t\t\t\t\t\t\t\t\t\t\t<\/div>\n\t\t\t\t<\/div>\n\t\t\t\t<div class=\"elementor-element elementor-element-32b459c elementor-widget elementor-widget-heading\" data-id=\"32b459c\" data-element_type=\"widget\" data-e-type=\"widget\" data-widget_type=\"heading.default\">\n\t\t\t\t<div class=\"elementor-widget-container\">\n\t\t\t\t\t<h2 class=\"elementor-heading-title elementor-size-default\">Pedagogy<\/h2>\t\t\t\t<\/div>\n\t\t\t\t<\/div>\n\t\t\t\t<div class=\"elementor-element elementor-element-da156bb elementor-widget-divider--view-line elementor-widget elementor-widget-divider\" data-id=\"da156bb\" data-element_type=\"widget\" data-e-type=\"widget\" data-widget_type=\"divider.default\">\n\t\t\t\t<div class=\"elementor-widget-container\">\n\t\t\t\t\t\t\t<div class=\"elementor-divider\">\n\t\t\t<span class=\"elementor-divider-separator\">\n\t\t\t\t\t\t<\/span>\n\t\t<\/div>\n\t\t\t\t\t\t<\/div>\n\t\t\t\t<\/div>\n\t\t\t\t<div class=\"elementor-element elementor-element-0d9f7dc elementor-widget elementor-widget-text-editor\" data-id=\"0d9f7dc\" data-element_type=\"widget\" data-e-type=\"widget\" data-widget_type=\"text-editor.default\">\n\t\t\t\t<div class=\"elementor-widget-container\">\n\t\t\t\t\t\t\t\t\t<p>Individualised educational support to reinforce academic and socio-emotional skills.<\/p>\t\t\t\t\t\t\t\t<\/div>\n\t\t\t\t<\/div>\n\t\t\t\t<div class=\"elementor-element elementor-element-36b2f78 elementor-widget elementor-widget-heading\" data-id=\"36b2f78\" data-element_type=\"widget\" data-e-type=\"widget\" data-widget_type=\"heading.default\">\n\t\t\t\t<div class=\"elementor-widget-container\">\n\t\t\t\t\t<p class=\"elementor-heading-title elementor-size-default\">Read more<\/p>\t\t\t\t<\/div>\n\t\t\t\t<\/div>\n\t\t\t\t<\/a>\n\t\t<a class=\"elementor-element elementor-element-fdc6e17 e-con-full e-flex e-con e-child\" data-id=\"fdc6e17\" data-element_type=\"container\" data-e-type=\"container\" href=\"https:\/\/cristinaorozbajo.com\/en\/accompaniment-with-childrens-music-therapy\/\">\n\t\t\t\t<div class=\"elementor-element elementor-element-3811bd8 elementor-widget elementor-widget-image\" data-id=\"3811bd8\" data-element_type=\"widget\" data-e-type=\"widget\" data-widget_type=\"image.default\">\n\t\t\t\t<div class=\"elementor-widget-container\">\n\t\t\t\t\t\t\t\t\t\t\t\t\t\t\t<img decoding=\"async\" width=\"660\" height=\"440\" src=\"https:\/\/cristinaorozbajo.com\/wp-content\/uploads\/2018\/07\/musicoterapia-blg.jpg\" class=\"elementor-animation-grow attachment-full size-full wp-image-959\" alt=\"\" srcset=\"https:\/\/cristinaorozbajo.com\/wp-content\/uploads\/2018\/07\/musicoterapia-blg.jpg 660w, https:\/\/cristinaorozbajo.com\/wp-content\/uploads\/2018\/07\/musicoterapia-blg-300x200.jpg 300w, https:\/\/cristinaorozbajo.com\/wp-content\/uploads\/2018\/07\/musicoterapia-blg-18x12.jpg 18w\" sizes=\"(max-width: 660px) 100vw, 660px\" title=\"\">\t\t\t\t\t\t\t\t\t\t\t\t\t\t\t<\/div>\n\t\t\t\t<\/div>\n\t\t\t\t<div class=\"elementor-element elementor-element-a0730cc elementor-widget elementor-widget-heading\" data-id=\"a0730cc\" data-element_type=\"widget\" data-e-type=\"widget\" data-widget_type=\"heading.default\">\n\t\t\t\t<div class=\"elementor-widget-container\">\n\t\t\t\t\t<h2 class=\"elementor-heading-title elementor-size-default\">Music Therapy <\/h2>\t\t\t\t<\/div>\n\t\t\t\t<\/div>\n\t\t\t\t<div class=\"elementor-element elementor-element-aff25a6 elementor-widget-divider--view-line elementor-widget elementor-widget-divider\" data-id=\"aff25a6\" data-element_type=\"widget\" data-e-type=\"widget\" data-widget_type=\"divider.default\">\n\t\t\t\t<div class=\"elementor-widget-container\">\n\t\t\t\t\t\t\t<div class=\"elementor-divider\">\n\t\t\t<span class=\"elementor-divider-separator\">\n\t\t\t\t\t\t<\/span>\n\t\t<\/div>\n\t\t\t\t\t\t<\/div>\n\t\t\t\t<\/div>\n\t\t\t\t<div class=\"elementor-element elementor-element-1d675c2 elementor-widget elementor-widget-text-editor\" data-id=\"1d675c2\" data-element_type=\"widget\" data-e-type=\"widget\" data-widget_type=\"text-editor.default\">\n\t\t\t\t<div class=\"elementor-widget-container\">\n\t\t\t\t\t\t\t\t\t<p>Use of music as a playful tool to stimulate communication and emotional regulation.<\/p>\t\t\t\t\t\t\t\t<\/div>\n\t\t\t\t<\/div>\n\t\t\t\t<div class=\"elementor-element elementor-element-39bb9f1 elementor-widget elementor-widget-heading\" data-id=\"39bb9f1\" data-element_type=\"widget\" data-e-type=\"widget\" data-widget_type=\"heading.default\">\n\t\t\t\t<div class=\"elementor-widget-container\">\n\t\t\t\t\t<p class=\"elementor-heading-title elementor-size-default\">Read more<\/p>\t\t\t\t<\/div>\n\t\t\t\t<\/div>\n\t\t\t\t<\/a>\n\t\t<a class=\"elementor-element elementor-element-8acca40 e-con-full e-flex e-con e-child\" data-id=\"8acca40\" data-element_type=\"container\" data-e-type=\"container\" href=\"https:\/\/cristinaorozbajo.com\/en\/accompaniment-with-aba-methodology\/\">\n\t\t\t\t<div class=\"elementor-element elementor-element-5aa848c elementor-widget elementor-widget-image\" data-id=\"5aa848c\" data-element_type=\"widget\" data-e-type=\"widget\" data-widget_type=\"image.default\">\n\t\t\t\t<div class=\"elementor-widget-container\">\n\t\t\t\t\t\t\t\t\t\t\t\t\t\t\t<img loading=\"lazy\" decoding=\"async\" width=\"2560\" height=\"1707\" src=\"https:\/\/cristinaorozbajo.com\/wp-content\/uploads\/2020\/12\/shutterstock_708493108-scaled-1.jpg\" class=\"elementor-animation-grow attachment-full size-full wp-image-1511\" alt=\"\" srcset=\"https:\/\/cristinaorozbajo.com\/wp-content\/uploads\/2020\/12\/shutterstock_708493108-scaled-1.jpg 2560w, https:\/\/cristinaorozbajo.com\/wp-content\/uploads\/2020\/12\/shutterstock_708493108-scaled-1-300x200.jpg 300w, https:\/\/cristinaorozbajo.com\/wp-content\/uploads\/2020\/12\/shutterstock_708493108-scaled-1-1024x683.jpg 1024w, https:\/\/cristinaorozbajo.com\/wp-content\/uploads\/2020\/12\/shutterstock_708493108-scaled-1-768x512.jpg 768w, https:\/\/cristinaorozbajo.com\/wp-content\/uploads\/2020\/12\/shutterstock_708493108-scaled-1-1536x1024.jpg 1536w, https:\/\/cristinaorozbajo.com\/wp-content\/uploads\/2020\/12\/shutterstock_708493108-scaled-1-2048x1366.jpg 2048w, https:\/\/cristinaorozbajo.com\/wp-content\/uploads\/2020\/12\/shutterstock_708493108-scaled-1-18x12.jpg 18w\" sizes=\"(max-width: 2560px) 100vw, 2560px\" title=\"\">\t\t\t\t\t\t\t\t\t\t\t\t\t\t\t<\/div>\n\t\t\t\t<\/div>\n\t\t\t\t<div class=\"elementor-element elementor-element-4678fb2 elementor-widget elementor-widget-heading\" data-id=\"4678fb2\" data-element_type=\"widget\" data-e-type=\"widget\" data-widget_type=\"heading.default\">\n\t\t\t\t<div class=\"elementor-widget-container\">\n\t\t\t\t\t<h2 class=\"elementor-heading-title elementor-size-default\">ABA Methodology<\/h2>\t\t\t\t<\/div>\n\t\t\t\t<\/div>\n\t\t\t\t<div class=\"elementor-element elementor-element-7075f2d elementor-widget-divider--view-line elementor-widget elementor-widget-divider\" data-id=\"7075f2d\" data-element_type=\"widget\" data-e-type=\"widget\" data-widget_type=\"divider.default\">\n\t\t\t\t<div class=\"elementor-widget-container\">\n\t\t\t\t\t\t\t<div class=\"elementor-divider\">\n\t\t\t<span class=\"elementor-divider-separator\">\n\t\t\t\t\t\t<\/span>\n\t\t<\/div>\n\t\t\t\t\t\t<\/div>\n\t\t\t\t<\/div>\n\t\t\t\t<div class=\"elementor-element elementor-element-d2b227c elementor-widget elementor-widget-text-editor\" data-id=\"d2b227c\" data-element_type=\"widget\" data-e-type=\"widget\" data-widget_type=\"text-editor.default\">\n\t\t\t\t<div class=\"elementor-widget-container\">\n\t\t\t\t\t\t\t\t\t<p>Evidence-based interventions to teach new skills and manage behaviours in a positive way.<\/p>\t\t\t\t\t\t\t\t<\/div>\n\t\t\t\t<\/div>\n\t\t\t\t<div class=\"elementor-element elementor-element-2094ab0 elementor-widget elementor-widget-heading\" data-id=\"2094ab0\" data-element_type=\"widget\" data-e-type=\"widget\" data-widget_type=\"heading.default\">\n\t\t\t\t<div class=\"elementor-widget-container\">\n\t\t\t\t\t<p class=\"elementor-heading-title elementor-size-default\">Read more<\/p>\t\t\t\t<\/div>\n\t\t\t\t<\/div>\n\t\t\t\t<\/a>\n\t\t\t\t<\/div>\n\t\t<div class=\"elementor-element elementor-element-0f378d8 e-con-full e-flex e-con e-child\" data-id=\"0f378d8\" data-element_type=\"container\" data-e-type=\"container\">\n\t\t<div class=\"elementor-element elementor-element-03b20f0 e-con-full e-flex e-con e-child\" data-id=\"03b20f0\" data-element_type=\"container\" data-e-type=\"container\">\n\t\t\t\t<div class=\"elementor-element elementor-element-a12589c elementor-widget elementor-widget-heading\" data-id=\"a12589c\" data-element_type=\"widget\" data-e-type=\"widget\" data-widget_type=\"heading.default\">\n\t\t\t\t<div class=\"elementor-widget-container\">\n\t\t\t\t\t<h3 class=\"elementor-heading-title elementor-size-default\">Services for industry professionals<\/h3>\t\t\t\t<\/div>\n\t\t\t\t<\/div>\n\t\t\t\t<div class=\"elementor-element elementor-element-1bf6b5f elementor-widget elementor-widget-text-editor\" data-id=\"1bf6b5f\" data-element_type=\"widget\" data-e-type=\"widget\" data-widget_type=\"text-editor.default\">\n\t\t\t\t<div class=\"elementor-widget-container\">\n\t\t\t\t\t\t\t\t\t<p>I offer a close and totally personalised accompaniment to favour the integral development of your child, involving the family and the school environment in every step to maximise their strengths and enhance their autonomy.<\/p>\t\t\t\t\t\t\t\t<\/div>\n\t\t\t\t<\/div>\n\t\t\t\t<\/div>\n\t\t\t\t<\/div>\n\t\t<div class=\"elementor-element elementor-element-859d03d e-con-full e-flex e-con e-child\" data-id=\"859d03d\" data-element_type=\"container\" data-e-type=\"container\">\n\t\t<div class=\"elementor-element elementor-element-4b0bda4 e-con-full e-flex e-con e-child\" data-id=\"4b0bda4\" data-element_type=\"container\" data-e-type=\"container\">\n\t\t\t\t<div class=\"elementor-element elementor-element-249d9a4 elementor-widget elementor-widget-image\" data-id=\"249d9a4\" data-element_type=\"widget\" data-e-type=\"widget\" data-widget_type=\"image.default\">\n\t\t\t\t<div class=\"elementor-widget-container\">\n\t\t\t\t\t\t\t\t\t\t\t\t\t\t\t<img loading=\"lazy\" decoding=\"async\" width=\"370\" height=\"250\" src=\"https:\/\/cristinaorozbajo.com\/wp-content\/uploads\/2020\/05\/course-05-free-img.jpg\" class=\"elementor-animation-grow attachment-full size-full wp-image-370\" alt=\"Course Image\" srcset=\"https:\/\/cristinaorozbajo.com\/wp-content\/uploads\/2020\/05\/course-05-free-img.jpg 370w, https:\/\/cristinaorozbajo.com\/wp-content\/uploads\/2020\/05\/course-05-free-img-300x203.jpg 300w, https:\/\/cristinaorozbajo.com\/wp-content\/uploads\/2020\/05\/course-05-free-img-18x12.jpg 18w\" sizes=\"(max-width: 370px) 100vw, 370px\" title=\"\">\t\t\t\t\t\t\t\t\t\t\t\t\t\t\t<\/div>\n\t\t\t\t<\/div>\n\t\t\t\t<div class=\"elementor-element elementor-element-2ea4728 elementor-widget elementor-widget-heading\" data-id=\"2ea4728\" data-element_type=\"widget\" data-e-type=\"widget\" data-widget_type=\"heading.default\">\n\t\t\t\t<div class=\"elementor-widget-container\">\n\t\t\t\t\t<h4 class=\"elementor-heading-title elementor-size-default\">Academic and professional training<\/h4>\t\t\t\t<\/div>\n\t\t\t\t<\/div>\n\t\t\t\t<div class=\"elementor-element elementor-element-5c765ea elementor-widget-divider--view-line elementor-widget elementor-widget-divider\" data-id=\"5c765ea\" data-element_type=\"widget\" data-e-type=\"widget\" data-widget_type=\"divider.default\">\n\t\t\t\t<div class=\"elementor-widget-container\">\n\t\t\t\t\t\t\t<div class=\"elementor-divider\">\n\t\t\t<span class=\"elementor-divider-separator\">\n\t\t\t\t\t\t<\/span>\n\t\t<\/div>\n\t\t\t\t\t\t<\/div>\n\t\t\t\t<\/div>\n\t\t\t\t<div class=\"elementor-element elementor-element-31f53c8 elementor-widget elementor-widget-text-editor\" data-id=\"31f53c8\" data-element_type=\"widget\" data-e-type=\"widget\" data-widget_type=\"text-editor.default\">\n\t\t\t\t<div class=\"elementor-widget-container\">\n\t\t\t\t\t\t\t\t\t<p>Teaching work in the field of Music Therapy in Masters and Postgraduate courses at the University of Vic, Professional Associations, Therapeutic Centres, Nursery Schools and Kindergartens. From the branch of Music Therapy, Pedagogy and Behaviourism, we teach courses designed specifically for professional recycling, group cohesion and educational resources aimed at the areas in question.<\/p>\t\t\t\t\t\t\t\t<\/div>\n\t\t\t\t<\/div>\n\t\t\t\t<\/div>\n\t\t<div class=\"elementor-element elementor-element-260995f e-con-full e-flex e-con e-child\" data-id=\"260995f\" data-element_type=\"container\" data-e-type=\"container\">\n\t\t\t\t<div class=\"elementor-element elementor-element-274cd64 elementor-widget elementor-widget-image\" data-id=\"274cd64\" data-element_type=\"widget\" data-e-type=\"widget\" data-widget_type=\"image.default\">\n\t\t\t\t<div class=\"elementor-widget-container\">\n\t\t\t\t\t\t\t\t\t\t\t\t\t\t\t<img loading=\"lazy\" decoding=\"async\" width=\"570\" height=\"465\" src=\"https:\/\/cristinaorozbajo.com\/wp-content\/uploads\/2020\/05\/event-03-free-img.jpg\" class=\"elementor-animation-grow attachment-full size-full wp-image-384\" alt=\"Event Image\" srcset=\"https:\/\/cristinaorozbajo.com\/wp-content\/uploads\/2020\/05\/event-03-free-img.jpg 570w, https:\/\/cristinaorozbajo.com\/wp-content\/uploads\/2020\/05\/event-03-free-img-300x245.jpg 300w, https:\/\/cristinaorozbajo.com\/wp-content\/uploads\/2020\/05\/event-03-free-img-15x12.jpg 15w\" sizes=\"(max-width: 570px) 100vw, 570px\" title=\"\">\t\t\t\t\t\t\t\t\t\t\t\t\t\t\t<\/div>\n\t\t\t\t<\/div>\n\t\t\t\t<div class=\"elementor-element elementor-element-b6771b6 elementor-widget elementor-widget-heading\" data-id=\"b6771b6\" data-element_type=\"widget\" data-e-type=\"widget\" data-widget_type=\"heading.default\">\n\t\t\t\t<div class=\"elementor-widget-container\">\n\t\t\t\t\t<h4 class=\"elementor-heading-title elementor-size-default\">Clinical supervision of professionals<\/h4>\t\t\t\t<\/div>\n\t\t\t\t<\/div>\n\t\t\t\t<div class=\"elementor-element elementor-element-680f95f elementor-widget-divider--view-line elementor-widget elementor-widget-divider\" data-id=\"680f95f\" data-element_type=\"widget\" data-e-type=\"widget\" data-widget_type=\"divider.default\">\n\t\t\t\t<div class=\"elementor-widget-container\">\n\t\t\t\t\t\t\t<div class=\"elementor-divider\">\n\t\t\t<span class=\"elementor-divider-separator\">\n\t\t\t\t\t\t<\/span>\n\t\t<\/div>\n\t\t\t\t\t\t<\/div>\n\t\t\t\t<\/div>\n\t\t\t\t<div class=\"elementor-element elementor-element-19d2758 elementor-widget elementor-widget-text-editor\" data-id=\"19d2758\" data-element_type=\"widget\" data-e-type=\"widget\" data-widget_type=\"text-editor.default\">\n\t\t\t\t<div class=\"elementor-widget-container\">\n\t\t\t\t\t\t\t\t\t<p>Supervision as a tool for training, self-analysis and professional growth. Planning-Observation-Analysis. Through dialogue and reflection, guidelines and resources are given for a specific problem or the educational, therapeutic and professional action is analysed globally in search of maximum potential.<\/p>\t\t\t\t\t\t\t\t<\/div>\n\t\t\t\t<\/div>\n\t\t\t\t<\/div>\n\t\t\t\t<\/div>\n\t\t\t\t<\/div>\n\t\t\t\t\t<\/div>\n\t\t\t\t<\/div>\n\t\t\t\t<\/div>","protected":false},"excerpt":{"rendered":"<p>Servicios Atenci\u00f3n terap\u00e9utica en Barcelona Ofrezco atenci\u00f3n terap\u00e9utica en Barcelona, un acompa\u00f1amiento cercano y totalmente personalizado para favorecer el desarrollo [&hellip;]<\/p>\n","protected":false},"author":1,"featured_media":0,"parent":0,"menu_order":0,"comment_status":"closed","ping_status":"closed","template":"","meta":{"site-sidebar-layout":"no-sidebar","site-content-layout":"page-builder","ast-site-content-layout":"full-width-container","site-content-style":"unboxed","site-sidebar-style":"unboxed","ast-global-header-display":"","ast-banner-title-visibility":"","ast-main-header-display":"","ast-hfb-above-header-display":"","ast-hfb-below-header-display":"","ast-hfb-mobile-header-display":"","site-post-title":"disabled","ast-breadcrumbs-content":"disabled","ast-featured-img":"disabled","footer-sml-layout":"","ast-disable-related-posts":"","theme-transparent-header-meta":"enabled","adv-header-id-meta":"","stick-header-meta":"","header-above-stick-meta":"","header-main-stick-meta":"","header-below-stick-meta":"","astra-migrate-meta-layouts":"set","ast-page-background-enabled":"default","ast-page-background-meta":{"desktop":{"background-color":"","background-image":"","background-repeat":"repeat","background-position":"center center","background-size":"auto","background-attachment":"scroll","background-type":"","background-media":"","overlay-type":"","overlay-color":"","overlay-opacity":"","overlay-gradient":""},"tablet":{"background-color":"","background-image":"","background-repeat":"repeat","background-position":"center center","background-size":"auto","background-attachment":"scroll","background-type":"","background-media":"","overlay-type":"","overlay-color":"","overlay-opacity":"","overlay-gradient":""},"mobile":{"background-color":"","background-image":"","background-repeat":"repeat","background-position":"center center","background-size":"auto","background-attachment":"scroll","background-type":"","background-media":"","overlay-type":"","overlay-color":"","overlay-opacity":"","overlay-gradient":""}},"ast-content-background-meta":{"desktop":{"background-color":"var(--ast-global-color-5)","background-image":"","background-repeat":"repeat","background-position":"center center","background-size":"auto","background-attachment":"scroll","background-type":"","background-media":"","overlay-type":"","overlay-color":"","overlay-opacity":"","overlay-gradient":""},"tablet":{"background-color":"var(--ast-global-color-5)","background-image":"","background-repeat":"repeat","background-position":"center center","background-size":"auto","background-attachment":"scroll","background-type":"","background-media":"","overlay-type":"","overlay-color":"","overlay-opacity":"","overlay-gradient":""},"mobile":{"background-color":"var(--ast-global-color-5)","background-image":"","background-repeat":"repeat","background-position":"center center","background-size":"auto","background-attachment":"scroll","background-type":"","background-media":"","overlay-type":"","overlay-color":"","overlay-opacity":"","overlay-gradient":""}},"footnotes":""},"class_list":["post-228","page","type-page","status-publish","hentry"],"_links":{"self":[{"href":"https:\/\/cristinaorozbajo.com\/en\/wp-json\/wp\/v2\/pages\/228","targetHints":{"allow":["GET"]}}],"collection":[{"href":"https:\/\/cristinaorozbajo.com\/en\/wp-json\/wp\/v2\/pages"}],"about":[{"href":"https:\/\/cristinaorozbajo.com\/en\/wp-json\/wp\/v2\/types\/page"}],"author":[{"embeddable":true,"href":"https:\/\/cristinaorozbajo.com\/en\/wp-json\/wp\/v2\/users\/1"}],"replies":[{"embeddable":true,"href":"https:\/\/cristinaorozbajo.com\/en\/wp-json\/wp\/v2\/comments?post=228"}],"version-history":[{"count":33,"href":"https:\/\/cristinaorozbajo.com\/en\/wp-json\/wp\/v2\/pages\/228\/revisions"}],"predecessor-version":[{"id":2331,"href":"https:\/\/cristinaorozbajo.com\/en\/wp-json\/wp\/v2\/pages\/228\/revisions\/2331"}],"wp:attachment":[{"href":"https:\/\/cristinaorozbajo.com\/en\/wp-json\/wp\/v2\/media?parent=228"}],"curies":[{"name":"wp","href":"https:\/\/api.w.org\/{rel}","templated":true}]}}